{"id":21,"date":"2022-02-02T11:03:46","date_gmt":"2022-02-02T11:03:46","guid":{"rendered":"https:\/\/mighteefashion.com\/?page_id=21"},"modified":"2022-05-20T13:32:25","modified_gmt":"2022-05-20T13:32:25","slug":"about-us","status":"publish","type":"page","link":"https:\/\/mighteefashion.com\/pl\/about-us\/","title":{"rendered":"O nas"},"content":{"rendered":"<h3 id=\"mightee-fashion-moda-jest-zawsze-trendem-a-twoj-styl-mowi-sam-za-siebie\"><span>Mightee Fashion \u2013 Moda jest zawsze trendem, a Tw\u00f3j styl m\u00f3wi sam za siebie.<\/span><\/h3>\n<p><img loading=\"lazy\" decoding=\"async\" class=\"alignleft wp-image-359 size-full\" title=\"Mightee Fashion - Moda jest zawsze trendem, a Tw\u00f3j styl m\u00f3wi sam za siebie.\" src=\"https:\/\/mighteefashion.com\/wp-content\/uploads\/2022\/03\/Mightee-Fashion-FAVICON.png\" sizes=\"auto, (max-width: 512px) 100vw, 512px\" srcset=\"https:\/\/translate.google.com\/website?sl=en&amp;tl=pl&amp;hl=en&amp;client=webapp&amp;u=https:\/\/mighteefashion.com\/wp-content\/uploads\/2022\/03\/Mightee-Fashion-FAVICON.png 512w,https:\/\/translate.google.com\/website?sl=en&amp;tl=pl&amp;hl=en&amp;client=webapp&amp;u=https:\/\/mighteefashion.com\/wp-content\/uploads\/2022\/03\/Mightee-Fashion-FAVICON-60x60.png 60w,https:\/\/translate.google.com\/website?sl=en&amp;tl=pl&amp;hl=en&amp;client=webapp&amp;u=https:\/\/mighteefashion.com\/wp-content\/uploads\/2022\/03\/Mightee-Fashion-FAVICON-80x80.png 80w,https:\/\/translate.google.com\/website?sl=en&amp;tl=pl&amp;hl=en&amp;client=webapp&amp;u=https:\/\/mighteefashion.com\/wp-content\/uploads\/2022\/03\/Mightee-Fashion-FAVICON-120x120.png 120w,https:\/\/translate.google.com\/website?sl=en&amp;tl=pl&amp;hl=en&amp;client=webapp&amp;u=https:\/\/mighteefashion.com\/wp-content\/uploads\/2022\/03\/Mightee-Fashion-FAVICON-90x90.png 90w,https:\/\/translate.google.com\/website?sl=en&amp;tl=pl&amp;hl=en&amp;client=webapp&amp;u=https:\/\/mighteefashion.com\/wp-content\/uploads\/2022\/03\/Mightee-Fashion-FAVICON-320x320.png 320w\" alt=\"Mightee Fashion - Moda jest zawsze trendem, a Tw\u00f3j styl m\u00f3wi sam za siebie.\" width=\"512\" height=\"512\" \/><a href=\"https:\/\/translate.google.com\/website?sl=en&amp;tl=pl&amp;hl=en&amp;client=webapp&amp;u=https:\/\/mighteefashion.com\/\" rel=\"\"><strong><span>MighteeFashion.com<\/span><\/strong>\u00a0<\/a><span>wierzy, \u017ce zawsze mo\u017cesz kupi\u0107 mod\u0119, a Tw\u00f3j styl jest tym, kt\u00f3ry upiera si\u0119, aby podnie\u015b\u0107 Twoje wyczucie mody.\u00a0Naszym celem jest dzielenie si\u0119 aktualnymi trendami w modzie dla os\u00f3b, kt\u00f3re chc\u0105 dowiedzie\u0107 si\u0119 wi\u0119cej o modzie m\u0119skiej i damskiej.\u00a0Na podstawie najnowszych trend\u00f3w w modzie i zakupach skupimy si\u0119 na dostarczaniu lepszych informacji i pomys\u0142\u00f3w, aby uzyska\u0107 lepsze oferty podczas zakup\u00f3w modowej<\/span><a href=\"https:\/\/translate.google.com\/website?sl=en&amp;tl=pl&amp;hl=en&amp;client=webapp&amp;u=https:\/\/mighteefashion.com\/\" rel=\"\"><em><span>\u00a0odzie\u017cy<\/span><\/em><\/a><span>\u00a0i<\/span><a href=\"https:\/\/translate.google.com\/website?sl=en&amp;tl=pl&amp;hl=en&amp;client=webapp&amp;u=https:\/\/mighteefashion.com\/\" rel=\"\"><em><span>\u00a0akcesori\u00f3w<\/span><\/em><\/a><span>\u00a0.<\/span><\/p>\n<p><a href=\"https:\/\/translate.google.com\/website?sl=en&amp;tl=pl&amp;hl=en&amp;client=webapp&amp;u=https:\/\/mighteefashion.com\/\" rel=\"\"><strong><span>Mightee Fashion<\/span><\/strong><\/a><span>\u00a0podkre\u015bla m\u0119ski idamski styl w zale\u017cno\u015bci od<em>\u00a0tego\u00a0<\/em><\/span><em><span>, jak si\u0119 nosz\u0105<\/span><\/em><span>\u00a0,<a href=\"https:\/\/translate.google.com\/website?sl=en&amp;tl=pl&amp;hl=en&amp;client=webapp&amp;u=https:\/\/mighteefashion.com\/\" rel=\"\"><em>\u00a0stylizuj\u0105<\/em><\/a>\u00a0i dobieraj\u0105, aby osi\u0105gn\u0105\u0107 po\u017c\u0105dany wygl\u0105d.\u00a0Naszym celem jest o\u017cywienie osobistego stylu \u017cycia w modzie dla m\u0119\u017cczyzn i kobiet za pomoc\u0105 dost\u0119pnych w Internecie referencji dotycz\u0105cych mody.\u00a0Podzielimy si\u0119 r\u00f3wnie\u017c rozs\u0105dnym przewodnikiem i prostymi wskaz\u00f3wkami, co i kiedy robi\u0107 zakupy, aby zmaksymalizowa\u0107 czas i pieni\u0105dze do wydania.<\/span><\/p>\n<p><a href=\"https:\/\/translate.google.com\/website?sl=en&amp;tl=pl&amp;hl=en&amp;client=webapp&amp;u=https:\/\/mighteefashion.com\/\" rel=\"\"><strong><span>MighteeFashion.com<\/span><\/strong><\/a><span>\u00a0rozumie, \u017ce poprawa osobistego stylu \u017cycia za pomoc\u0105 mody jest niezb\u0119dna zar\u00f3wno dla wszystkich m\u0119\u017cczyzn, jak i kobiet, kt\u00f3rzy chc\u0105 wyr\u00f3\u017cnia\u0107 si\u0119 na tle swoich r\u00f3wie\u015bnik\u00f3w.\u00a0B\u0119dziemy zamieszcza\u0107 artyku\u0142y na blogu zawieraj\u0105ce przydatne i \u0142atwe do zrobienia wskaz\u00f3wki, przewodniki i najnowsze<\/span><em><strong><span>\u00a0trendy w modzie w odzie\u017cy<\/span><\/strong><\/em><span>\u00a0,<\/span><strong><em><span>\u00a0akcesoriach<\/span><\/em><\/strong><span>\u00a0i<\/span><em><strong><span>\u00a0trendach zakupowych<\/span><\/strong><\/em><span>\u00a0.<\/span><\/p>\n","protected":false},"excerpt":{"rendered":"<p>Mightee Fashion \u2013 Moda jest zawsze trendem, a Tw\u00f3j styl m\u00f3wi sam za siebie. MighteeFashion.com\u00a0wierzy, \u017ce zawsze mo\u017cesz kupi\u0107 mod\u0119, a Tw\u00f3j styl jest tym, kt\u00f3ry upiera si\u0119, aby podnie\u015b\u0107&hellip;<\/p>\n","protected":false},"author":1,"featured_media":0,"parent":0,"menu_order":0,"comment_status":"closed","ping_status":"closed","template":"","meta":{"footnotes":""},"class_list":["post-21","page","type-page","status-publish"],"_links":{"self":[{"href":"https:\/\/mighteefashion.com\/pl\/wp-json\/wp\/v2\/pages\/21","targetHints":{"allow":["GET"]}}],"collection":[{"href":"https:\/\/mighteefashion.com\/pl\/wp-json\/wp\/v2\/pages"}],"about":[{"href":"https:\/\/mighteefashion.com\/pl\/wp-json\/wp\/v2\/types\/page"}],"author":[{"embeddable":true,"href":"https:\/\/mighteefashion.com\/pl\/wp-json\/wp\/v2\/users\/1"}],"replies":[{"embeddable":true,"href":"https:\/\/mighteefashion.com\/pl\/wp-json\/wp\/v2\/comments?post=21"}],"version-history":[{"count":1,"href":"https:\/\/mighteefashion.com\/pl\/wp-json\/wp\/v2\/pages\/21\/revisions"}],"predecessor-version":[{"id":489,"href":"https:\/\/mighteefashion.com\/pl\/wp-json\/wp\/v2\/pages\/21\/revisions\/489"}],"wp:attachment":[{"href":"https:\/\/mighteefashion.com\/pl\/wp-json\/wp\/v2\/media?parent=21"}],"curies":[{"name":"wp","href":"https:\/\/api.w.org\/{rel}","templated":true}]}}