{"id":21,"date":"2022-02-02T11:03:46","date_gmt":"2022-02-02T11:03:46","guid":{"rendered":"https:\/\/mighteefashion.com\/?page_id=21"},"modified":"2022-03-21T12:43:21","modified_gmt":"2022-03-21T12:43:21","slug":"about-us","status":"publish","type":"page","link":"https:\/\/mighteefashion.com\/it\/about-us\/","title":{"rendered":"Chi Siamo"},"content":{"rendered":"<h3 id=\"mightee-fashion-la-moda-e-sempre-una-tendenza-e-il-tuo-stile-parlera-da-solo\">Mightee Fashion &#8211; La moda \u00e8 sempre una tendenza e il tuo stile parler\u00e0 da solo.<\/h3>\n<p><img loading=\"lazy\" decoding=\"async\" class=\"alignleft wp-image-402 size-full\" title=\"Mightee Fashion - La moda \u00e8 sempre una tendenza e il tuo stile parler\u00e0 da solo.\" src=\"https:\/\/mighteefashion.com\/it\/wp-content\/uploads\/2022\/03\/Mightee-Fashion-FAVICON.png\" alt=\"Mightee Fashion - La moda \u00e8 sempre una tendenza e il tuo stile parler\u00e0 da solo.\" width=\"512\" height=\"512\" srcset=\"https:\/\/mighteefashion.com\/it\/wp-content\/uploads\/2022\/03\/Mightee-Fashion-FAVICON.png 512w, https:\/\/mighteefashion.com\/it\/wp-content\/uploads\/2022\/03\/Mightee-Fashion-FAVICON-60x60.png 60w, https:\/\/mighteefashion.com\/it\/wp-content\/uploads\/2022\/03\/Mightee-Fashion-FAVICON-80x80.png 80w, https:\/\/mighteefashion.com\/it\/wp-content\/uploads\/2022\/03\/Mightee-Fashion-FAVICON-120x120.png 120w, https:\/\/mighteefashion.com\/it\/wp-content\/uploads\/2022\/03\/Mightee-Fashion-FAVICON-90x90.png 90w, https:\/\/mighteefashion.com\/it\/wp-content\/uploads\/2022\/03\/Mightee-Fashion-FAVICON-320x320.png 320w\" sizes=\"auto, (max-width: 512px) 100vw, 512px\" \/><a href=\"https:\/\/mighteefashion.com\/\"><strong>MighteeFashion.com<\/strong><\/a> crede che tu possa sempre comprare moda e il tuo stile \u00e8 quello che persiste per elevare il tuo senso della moda. Miriamo a condividere le attuali tendenze della moda per le persone desiderose di saperne di pi\u00f9 sulla moda uomo e donna. Dalle ultime tendenze della moda e dello shopping, ci concentreremo per fornire approfondimenti e idee migliori per ottenere offerte migliori mentre acquistano abbigliamento e accessori alla moda.<\/p>\n<p><a href=\"https:\/\/mighteefashion.com\/\"><strong>Mightee Fashion<\/strong><\/a> mette in risalto lo stile della moda maschile e femminile in base a come indossano, indossano e si accessoriano per ottenere i look che hanno sempre desiderato. Miriamo a migliorare lo stile di vita personale della moda per uomini e donne con tra i riferimenti online disponibili per la moda. Condivideremo anche una guida sensata e semplici suggerimenti su cosa e quando fare acquisti per massimizzare il tuo tempo e denaro da spendere.<\/p>\n<p><a href=\"https:\/\/mighteefashion.com\/\"><strong>MighteeFashion.com<\/strong><\/a> comprende che migliorare il proprio stile di vita personale con la moda \u00e8 essenziale sia per tutti gli uomini che per le donne che vogliono distinguersi con i loro coetanei. Conterremo articoli del blog per suggerimenti utili e facili da fare, guide e ultime tendenze di <em><strong>moda in abbigliamento<\/strong><\/em>, <em><strong>accessor<\/strong><\/em>i e <em><strong>shopping<\/strong><\/em>.<\/p>\n","protected":false},"excerpt":{"rendered":"<p>Mightee Fashion &#8211; La moda \u00e8 sempre una tendenza e il tuo stile parler\u00e0 da solo. MighteeFashion.com crede che tu possa sempre comprare moda e il tuo stile \u00e8 quello&hellip;<\/p>\n","protected":false},"author":1,"featured_media":0,"parent":0,"menu_order":0,"comment_status":"closed","ping_status":"closed","template":"","meta":{"footnotes":""},"class_list":["post-21","page","type-page","status-publish"],"_links":{"self":[{"href":"https:\/\/mighteefashion.com\/it\/wp-json\/wp\/v2\/pages\/21","targetHints":{"allow":["GET"]}}],"collection":[{"href":"https:\/\/mighteefashion.com\/it\/wp-json\/wp\/v2\/pages"}],"about":[{"href":"https:\/\/mighteefashion.com\/it\/wp-json\/wp\/v2\/types\/page"}],"author":[{"embeddable":true,"href":"https:\/\/mighteefashion.com\/it\/wp-json\/wp\/v2\/users\/1"}],"replies":[{"embeddable":true,"href":"https:\/\/mighteefashion.com\/it\/wp-json\/wp\/v2\/comments?post=21"}],"version-history":[{"count":4,"href":"https:\/\/mighteefashion.com\/it\/wp-json\/wp\/v2\/pages\/21\/revisions"}],"predecessor-version":[{"id":405,"href":"https:\/\/mighteefashion.com\/it\/wp-json\/wp\/v2\/pages\/21\/revisions\/405"}],"wp:attachment":[{"href":"https:\/\/mighteefashion.com\/it\/wp-json\/wp\/v2\/media?parent=21"}],"curies":[{"name":"wp","href":"https:\/\/api.w.org\/{rel}","templated":true}]}}