{"id":21,"date":"2022-02-02T11:03:46","date_gmt":"2022-02-02T11:03:46","guid":{"rendered":"https:\/\/mighteefashion.com\/?page_id=21"},"modified":"2022-03-21T11:50:35","modified_gmt":"2022-03-21T11:50:35","slug":"about-us","status":"publish","type":"page","link":"https:\/\/mighteefashion.com\/fr\/about-us\/","title":{"rendered":"\u00c0 Propos de Nous"},"content":{"rendered":"<h3 style=\"text-align: center;\">Mightee Fashion &#8211; La mode est toujours une tendance et votre style parlera de vous-m\u00eame.<\/h3>\n<p><img loading=\"lazy\" decoding=\"async\" class=\"alignleft wp-image-405 size-full\" title=\"Mightee Fashion - La mode est toujours une tendance et votre style parlera de vous-m\u00eame.\" src=\"https:\/\/mighteefashion.com\/fr\/wp-content\/uploads\/2022\/03\/Mightee-Fashion-FAVICON.png\" alt=\"Mightee Fashion - La mode est toujours une tendance et votre style parlera de vous-m\u00eame.\" width=\"512\" height=\"512\" srcset=\"https:\/\/mighteefashion.com\/fr\/wp-content\/uploads\/2022\/03\/Mightee-Fashion-FAVICON.png 512w, https:\/\/mighteefashion.com\/fr\/wp-content\/uploads\/2022\/03\/Mightee-Fashion-FAVICON-60x60.png 60w, https:\/\/mighteefashion.com\/fr\/wp-content\/uploads\/2022\/03\/Mightee-Fashion-FAVICON-80x80.png 80w, https:\/\/mighteefashion.com\/fr\/wp-content\/uploads\/2022\/03\/Mightee-Fashion-FAVICON-120x120.png 120w, https:\/\/mighteefashion.com\/fr\/wp-content\/uploads\/2022\/03\/Mightee-Fashion-FAVICON-90x90.png 90w, https:\/\/mighteefashion.com\/fr\/wp-content\/uploads\/2022\/03\/Mightee-Fashion-FAVICON-320x320.png 320w\" sizes=\"auto, (max-width: 512px) 100vw, 512px\" \/><a href=\"https:\/\/mighteefashion.com\/\"><strong>MighteeFashion.com<\/strong><\/a> croit que vous pouvez toujours acheter de la mode et votre style est celui qui persiste \u00e0 \u00e9lever votre sens de la mode. Notre objectif est de partager les tendances de la mode actuelle pour les personnes d\u00e9sireuses d&#8217;en savoir plus sur la mode masculine et f\u00e9minine. \u00c0 partir des derni\u00e8res tendances de la mode et des achats, nous nous concentrerons pour donner de meilleures id\u00e9es et id\u00e9es pour obtenir de meilleures offres lorsqu&#8217;ils ach\u00e8tent des v\u00eatements et des accessoires de mode.<\/p>\n<p><a href=\"https:\/\/mighteefashion.com\/\"><strong>Mightee Fashion<\/strong><\/a> met en valeur le style de la mode masculine et f\u00e9minine en fonction de la fa\u00e7on dont ils se portent, se coiffent et s&#8217;accessoirisent pour obtenir les looks qu&#8217;ils ont toujours voulus. Notre objectif est de stimuler le style de vie de la mode personnelle pour les hommes et les femmes avec parmi les r\u00e9f\u00e9rences en ligne disponibles pour la mode. Nous partagerons \u00e9galement un guide judicieux et des conseils simples sur quoi et quand acheter pour maximiser votre temps et votre argent \u00e0 d\u00e9penser.<\/p>\n<p><a href=\"https:\/\/mighteefashion.com\/\"><em><strong>MighteeFashion.com<\/strong><\/em><\/a> comprend que l&#8217;am\u00e9lioration de son style de vie personnel avec la mode est essentielle pour tous les hommes et les femmes qui veulent se d\u00e9marquer aupr\u00e8s de leurs pairs. Nous pr\u00e9senterons des articles de blog pour des conseils utiles et faciles \u00e0 faire, des guides et le dernier style de mode dans <strong><em>les v\u00eatements<\/em><\/strong>, <strong><em>les accessoires<\/em><\/strong> et <strong><em>les tendances d&#8217;achat<\/em><\/strong>.<\/p>\n","protected":false},"excerpt":{"rendered":"<p>Mightee Fashion &#8211; La mode est toujours une tendance et votre style parlera de vous-m\u00eame. MighteeFashion.com croit que vous pouvez toujours acheter de la mode et votre style est celui&hellip;<\/p>\n","protected":false},"author":1,"featured_media":0,"parent":0,"menu_order":0,"comment_status":"closed","ping_status":"closed","template":"","meta":{"footnotes":""},"class_list":["post-21","page","type-page","status-publish"],"_links":{"self":[{"href":"https:\/\/mighteefashion.com\/fr\/wp-json\/wp\/v2\/pages\/21","targetHints":{"allow":["GET"]}}],"collection":[{"href":"https:\/\/mighteefashion.com\/fr\/wp-json\/wp\/v2\/pages"}],"about":[{"href":"https:\/\/mighteefashion.com\/fr\/wp-json\/wp\/v2\/types\/page"}],"author":[{"embeddable":true,"href":"https:\/\/mighteefashion.com\/fr\/wp-json\/wp\/v2\/users\/1"}],"replies":[{"embeddable":true,"href":"https:\/\/mighteefashion.com\/fr\/wp-json\/wp\/v2\/comments?post=21"}],"version-history":[{"count":4,"href":"https:\/\/mighteefashion.com\/fr\/wp-json\/wp\/v2\/pages\/21\/revisions"}],"predecessor-version":[{"id":406,"href":"https:\/\/mighteefashion.com\/fr\/wp-json\/wp\/v2\/pages\/21\/revisions\/406"}],"wp:attachment":[{"href":"https:\/\/mighteefashion.com\/fr\/wp-json\/wp\/v2\/media?parent=21"}],"curies":[{"name":"wp","href":"https:\/\/api.w.org\/{rel}","templated":true}]}}