{"id":21,"date":"2022-02-02T11:03:46","date_gmt":"2022-02-02T11:03:46","guid":{"rendered":"https:\/\/mighteefashion.com\/de\/uber-uns"},"modified":"2022-03-26T17:18:33","modified_gmt":"2022-03-26T17:18:33","slug":"uber-uns","status":"publish","type":"page","link":"https:\/\/mighteefashion.com\/de\/uber-uns\/","title":{"rendered":"\u00dcber uns"},"content":{"rendered":"<h3 id=\"mightee-fashion-mode-ist-immer-ein-trend-und-ihr-stil-wird-fur-sie-selbst-sprechen\"><span><span class=\"\">Mightee Fashion \u2013 Mode ist immer ein Trend und Ihr Stil wird f\u00fcr Sie selbst sprechen.<\/span><\/span><\/h3>\n<p><img loading=\"lazy\" decoding=\"async\" class=\"alignleft wp-image-359 size-full\" title=\"Mightee Fashion - Mode ist immer ein Trend und Ihr Stil wird f\u00fcr Sie sprechen.\" src=\"https:\/\/mighteefashion.com\/wp-content\/uploads\/2022\/03\/Mightee-Fashion-FAVICON.png\" sizes=\"auto, (max-width: 512px) 100vw, 512px\" srcset=\"https:\/\/mighteefashion-com.translate.goog\/wp-content\/uploads\/2022\/03\/Mightee-Fashion-FAVICON.png?_x_tr_sl=en&amp;_x_tr_tl=de&amp;_x_tr_hl=en&amp;_x_tr_pto=wapp 512w,https:\/\/mighteefashion-com.translate.goog\/wp-content\/uploads\/2022\/03\/Mightee-Fashion-FAVICON-60x60.png?_x_tr_sl=en&amp;_x_tr_tl=de&amp;_x_tr_hl=en&amp;_x_tr_pto=wapp 60w,https:\/\/mighteefashion-com.translate.goog\/wp-content\/uploads\/2022\/03\/Mightee-Fashion-FAVICON-80x80.png?_x_tr_sl=en&amp;_x_tr_tl=de&amp;_x_tr_hl=en&amp;_x_tr_pto=wapp 80w,https:\/\/mighteefashion-com.translate.goog\/wp-content\/uploads\/2022\/03\/Mightee-Fashion-FAVICON-120x120.png?_x_tr_sl=en&amp;_x_tr_tl=de&amp;_x_tr_hl=en&amp;_x_tr_pto=wapp 120w,https:\/\/mighteefashion-com.translate.goog\/wp-content\/uploads\/2022\/03\/Mightee-Fashion-FAVICON-90x90.png?_x_tr_sl=en&amp;_x_tr_tl=de&amp;_x_tr_hl=en&amp;_x_tr_pto=wapp 90w,https:\/\/mighteefashion-com.translate.goog\/wp-content\/uploads\/2022\/03\/Mightee-Fashion-FAVICON-320x320.png?_x_tr_sl=en&amp;_x_tr_tl=de&amp;_x_tr_hl=en&amp;_x_tr_pto=wapp 320w\" alt=\"Mightee Fashion - Mode ist immer ein Trend und Ihr Stil wird f\u00fcr Sie sprechen.\" width=\"512\" height=\"512\" \/><a href=\"https:\/\/mighteefashion.com\" rel=\"\"><strong><span>MighteeFashion.com<\/span><\/strong>\u00a0<\/a><span>glaubt, dass Sie Mode immer kaufen k\u00f6nnen und dass Ihr Stil derjenige ist, der darauf beharrt, Ihren Sinn f\u00fcr Mode zu heben.\u00a0Unser Ziel ist es, die aktuellen Modetrends f\u00fcr Personen zu teilen, die mehr \u00fcber Herren- und Damenmode erfahren m\u00f6chten.\u00a0Ausgehend von den neuesten Mode- und Einkaufstrends werden wir uns darauf konzentrieren, bessere Einblicke und Ideen zu geben, um bessere Angebote zu erhalten, wenn sie nach<\/span><a href=\"https:\/\/mighteefashion.com\" rel=\"\"><em><span>\u00a0modischer Kleidung<\/span><\/em><\/a><span>\u00a0und<\/span><a href=\"https:\/\/mighteefashion.com\" rel=\"\"><em><span>\u00a0Accessoires suchen<\/span><\/em><\/a><span>\u00a0.<\/span><\/p>\n<p><a href=\"https:\/\/mighteefashion.com\" rel=\"\"><strong><span>Mightee Fashion<\/span><\/strong><\/a><span>\u00a0hebt den Modestil von M\u00e4nnern und Frauen hervor, je nachdem<\/span><em><span>\u00a0, wie sie sich tragen<\/span><\/em><span>\u00a0,<\/span><em><span>\u00a0stylen<\/span><\/em><span>\u00a0und mit<\/span><a href=\"https:\/\/mighteefashion.com\" rel=\"\"><em><span>\u00a0Accessoires<\/span><\/em><\/a><span>\u00a0ausstatten , um die Looks zu erzielen, die sie sich schon immer gew\u00fcnscht haben.\u00a0Unser Ziel ist es, den pers\u00f6nlichen Mode-Lifestyle f\u00fcr M\u00e4nner und Frauen mit einer der verf\u00fcgbaren Online-Referenzen f\u00fcr Mode zu verbessern.\u00a0Wir werden auch einen vern\u00fcnftigen Leitfaden und einfache Tipps dar\u00fcber geben, was und wann Sie einkaufen sollten, um Ihre Zeit und Ihr Geld zu maximieren.<\/span><\/p>\n<p><a href=\"https:\/\/mighteefashion.com\" rel=\"\"><strong><span>MighteeFashion.com<\/span><\/strong><\/a><span>\u00a0versteht, dass die Verbesserung des pers\u00f6nlichen Lebensstils durch Mode sowohl f\u00fcr alle M\u00e4nner als auch f\u00fcr Frauen, die sich von ihren Kollegen abheben m\u00f6chten, unerl\u00e4sslich ist.\u00a0Wir werden Blog-Artikel mit n\u00fctzlichen und einfach zu handhabenden Tipps, Anleitungen und den neuesten<\/span><em><strong><span>\u00a0Modestilen in Kleidung<\/span><\/strong><\/em><span>\u00a0,<\/span><strong><em><span>\u00a0Accessoires<\/span><\/em><\/strong><span>\u00a0und<\/span><em><strong><span>\u00a0Einkaufstrends<\/span><\/strong><\/em><span>\u00a0ver\u00f6ffentlichen .<\/span><\/p>\n","protected":false},"excerpt":{"rendered":"<p>Mightee Fashion \u2013 Mode ist immer ein Trend und Ihr Stil wird f\u00fcr Sie selbst sprechen. MighteeFashion.com\u00a0glaubt, dass Sie Mode immer kaufen k\u00f6nnen und dass Ihr Stil derjenige ist, der&hellip;<\/p>\n","protected":false},"author":1,"featured_media":0,"parent":0,"menu_order":0,"comment_status":"closed","ping_status":"closed","template":"","meta":{"footnotes":""},"class_list":["post-21","page","type-page","status-publish"],"_links":{"self":[{"href":"https:\/\/mighteefashion.com\/de\/wp-json\/wp\/v2\/pages\/21","targetHints":{"allow":["GET"]}}],"collection":[{"href":"https:\/\/mighteefashion.com\/de\/wp-json\/wp\/v2\/pages"}],"about":[{"href":"https:\/\/mighteefashion.com\/de\/wp-json\/wp\/v2\/types\/page"}],"author":[{"embeddable":true,"href":"https:\/\/mighteefashion.com\/de\/wp-json\/wp\/v2\/users\/1"}],"replies":[{"embeddable":true,"href":"https:\/\/mighteefashion.com\/de\/wp-json\/wp\/v2\/comments?post=21"}],"version-history":[{"count":1,"href":"https:\/\/mighteefashion.com\/de\/wp-json\/wp\/v2\/pages\/21\/revisions"}],"predecessor-version":[{"id":406,"href":"https:\/\/mighteefashion.com\/de\/wp-json\/wp\/v2\/pages\/21\/revisions\/406"}],"wp:attachment":[{"href":"https:\/\/mighteefashion.com\/de\/wp-json\/wp\/v2\/media?parent=21"}],"curies":[{"name":"wp","href":"https:\/\/api.w.org\/{rel}","templated":true}]}}